{"id":2121,"date":"2020-03-08T13:36:39","date_gmt":"2020-03-08T12:36:39","guid":{"rendered":"https:\/\/arsuspaper.com\/?page_id=2121"},"modified":"2020-03-09T18:32:27","modified_gmt":"2020-03-09T17:32:27","slug":"enviny","status":"publish","type":"page","link":"https:\/\/arsuspaper.com\/ca\/enviny\/","title":{"rendered":"-Enviny"},"content":{"rendered":"<p><div class=\"fusion-fullwidth fullwidth-box fusion-builder-row-1 fusion-flex-container nonhundred-percent-fullwidth non-hundred-percent-height-scrolling\" style=\"--awb-border-radius-top-left:0px;--awb-border-radius-top-right:0px;--awb-border-radius-bottom-right:0px;--awb-border-radius-bottom-left:0px;--awb-flex-wrap:wrap;\" ><div class=\"fusion-builder-row fusion-row fusion-flex-align-items-flex-start fusion-flex-content-wrap\" style=\"max-width:1040px;margin-left: calc(-4% \/ 2 );margin-right: calc(-4% \/ 2 );\"><div class=\"fusion-layout-column fusion_builder_column fusion-builder-column-0 fusion_builder_column_1_1 1_1 fusion-flex-column\" style=\"--awb-bg-size:cover;--awb-width-large:100%;--awb-margin-top-large:0px;--awb-spacing-right-large:1.92%;--awb-margin-bottom-large:0px;--awb-spacing-left-large:1.92%;--awb-width-medium:100%;--awb-spacing-right-medium:1.92%;--awb-spacing-left-medium:1.92%;--awb-width-small:100%;--awb-spacing-right-small:1.92%;--awb-spacing-left-small:1.92%;\"><div class=\"fusion-column-wrapper fusion-flex-justify-content-flex-start fusion-content-layout-column\"><div class=\"fusion-text fusion-text-1\"><h2><strong>Retaule d\u00b4Enviny<\/strong><\/h2>\n<p><strong><img decoding=\"async\" class=\"wp-image-1787 alignleft\" src=\"https:\/\/arsuspaper.com\/wp-content\/uploads\/2020\/01\/Retablo-de-Enviny.jpg\" alt=\"\" width=\"431\" height=\"529\" srcset=\"https:\/\/arsuspaper.com\/wp-content\/uploads\/2020\/01\/Retablo-de-Enviny-200x246.jpg 200w, https:\/\/arsuspaper.com\/wp-content\/uploads\/2020\/01\/Retablo-de-Enviny-244x300.jpg 244w, https:\/\/arsuspaper.com\/wp-content\/uploads\/2020\/01\/Retablo-de-Enviny-400x491.jpg 400w, https:\/\/arsuspaper.com\/wp-content\/uploads\/2020\/01\/Retablo-de-Enviny-600x737.jpg 600w, https:\/\/arsuspaper.com\/wp-content\/uploads\/2020\/01\/Retablo-de-Enviny.jpg 692w\" sizes=\"(max-width: 431px) 100vw, 431px\" \/> <\/strong><\/p>\n<p><strong>\u00a0<\/strong><\/p>\n<p><strong>\u00a0<\/strong><\/p>\n<p><strong>\u00a0<\/strong><\/p>\n<p><strong>\u00a0<\/strong><strong>\u00a0<\/strong><\/p>\n<p><strong>Esgl\u00e9sia\u00a0de la Mare de D\u00e9u de la Purificaci\u00f3.<br \/>\nEnviny, Lleida.<br \/>\nRetaule g\u00f3tic de Pere Espallargues.<br \/>\nMidas: 3 x 5 metres.<br \/>\nEnc\u00e0rrec del Consell Comarcal del Pallars Sobir\u00e0.<br \/>\nOriginals conservats en el Hispanic Society de Nueva York i\u00a0 Philadelphia Museum of Art.<\/strong><\/p>\n<p>El Retaule g\u00f2tic d&#8217;Enviny -obra de Pere Espalargues-, va decorar l&#8217;\u00e0bsis de l\u2019esgl\u00e9sia parroquial de la Purificaci\u00f3 d&#8217;Enviny fins a 1909, any en el qual va ser venut a un antiquari.<\/p>\n<p>Actualment, aquesta valuosa obra es troba repartida en dos museus de EEUU. El cos principal es conserva des de 1913 en la Hispanic Society of America de Nova York i la predel\u00b7la i portes laterals en el Philadelphia Museum of Art.<\/p>\n<p>En bona mesura, ha estat gr\u00e0cies a la tenacitat d&#8217;Agust\u00ed L\u00f3pez, alcalde de Sort, i el rector d&#8217;Enviny, Joan Escales, el que la imatge del retaule torni a presidir el temple.<\/p>\n<hr \/>\n<\/div><div class=\"fusion-text fusion-text-2\"><p>Com es pot apreciar en la fotografia en blanc i negre presa a principis del segle XX -cedida gentilment pel Institut Amatller d\u00b4Art Hispanic- el retaule es conserva incomplet. La talla de la verge que s\u2019allotjava en la forn\u00edcula del cos principal, es troba en parador ignorat. La mateixa sort han corregut el frontal de l\u2019altar i la taula &#8220;ecce homo&#8221; que custodiava el sagrari. La marqueteria que decorava el conjunt de la predel\u00b7la i portes tamb\u00e9 ha desaparegut, encara que possiblement el seu estat de conservaci\u00f3 va fer impossible recuperar-la.<\/p>\n<\/div><div class=\"fusion-text fusion-text-3\"><div id=\"attachment_1788\" style=\"width: 458px\" class=\"wp-caption aligncenter\"><img decoding=\"async\" aria-describedby=\"caption-attachment-1788\" class=\" wp-image-1788\" src=\"https:\/\/arsuspaper.com\/wp-content\/uploads\/2020\/01\/predela-bn.jpg\" alt=\"\" width=\"448\" height=\"292\" srcset=\"https:\/\/arsuspaper.com\/wp-content\/uploads\/2020\/01\/predela-bn-200x130.jpg 200w, https:\/\/arsuspaper.com\/wp-content\/uploads\/2020\/01\/predela-bn-300x196.jpg 300w, https:\/\/arsuspaper.com\/wp-content\/uploads\/2020\/01\/predela-bn-400x261.jpg 400w, https:\/\/arsuspaper.com\/wp-content\/uploads\/2020\/01\/predela-bn-600x391.jpg 600w, https:\/\/arsuspaper.com\/wp-content\/uploads\/2020\/01\/predela-bn-768x501.jpg 768w, https:\/\/arsuspaper.com\/wp-content\/uploads\/2020\/01\/predela-bn-800x521.jpg 800w, https:\/\/arsuspaper.com\/wp-content\/uploads\/2020\/01\/predela-bn.jpg 850w\" sizes=\"(max-width: 448px) 100vw, 448px\" \/><p id=\"caption-attachment-1788\" class=\"wp-caption-text\">Fotografia cedida pel\u00a0Institut Amatller d\u00b4Art Hispanic.<\/p><\/div>\n<\/div><div class=\"fusion-text fusion-text-4\"><p>La fotografia va servir tamb\u00e9 com a refer\u00e8ncia per a recrear tots els elements constructius i ornamentals perduts. Per a aix\u00f2, es redimensiono la imatge i es van obtenir calcs a grand\u00e0ria real de les columnes, sanefes, calats i demes elements decoratius de la marqueteria.<br \/>\nEs van tallar i van modelar les formes.<br \/>\nAmb ajuda de motlles es van repetir alguns motius.<\/p>\n<p style=\"text-align: center;\"><img decoding=\"async\" class=\"wp-image-1794 aligncenter\" src=\"https:\/\/arsuspaper.com\/wp-content\/uploads\/2020\/01\/calados.jpg\" alt=\"\" width=\"751\" height=\"174\" srcset=\"https:\/\/arsuspaper.com\/wp-content\/uploads\/2020\/01\/calados-200x46.jpg 200w, https:\/\/arsuspaper.com\/wp-content\/uploads\/2020\/01\/calados-300x70.jpg 300w, https:\/\/arsuspaper.com\/wp-content\/uploads\/2020\/01\/calados-400x93.jpg 400w, https:\/\/arsuspaper.com\/wp-content\/uploads\/2020\/01\/calados.jpg 600w\" sizes=\"(max-width: 751px) 100vw, 751px\" \/>detall dels calats<\/p>\n<\/div><div class=\"fusion-builder-row fusion-builder-row-inner fusion-row fusion-flex-align-items-flex-start fusion-flex-content-wrap\" style=\"width:104% !important;max-width:104% !important;margin-left: calc(-4% \/ 2 );margin-right: calc(-4% \/ 2 );\"><div class=\"fusion-layout-column fusion_builder_column_inner fusion-builder-nested-column-0 fusion_builder_column_inner_1_2 1_2 fusion-flex-column\" style=\"--awb-bg-size:cover;--awb-width-large:50%;--awb-margin-top-large:0px;--awb-spacing-right-large:3.84%;--awb-margin-bottom-large:20px;--awb-spacing-left-large:3.84%;--awb-width-medium:50%;--awb-spacing-right-medium:3.84%;--awb-spacing-left-medium:3.84%;--awb-width-small:100%;--awb-spacing-right-small:1.92%;--awb-spacing-left-small:1.92%;\"><div class=\"fusion-column-wrapper fusion-column-has-shadow fusion-flex-justify-content-flex-start fusion-content-layout-column\"><div class=\"fusion-image-element \" style=\"--awb-caption-title-font-family:var(--h2_typography-font-family);--awb-caption-title-font-weight:var(--h2_typography-font-weight);--awb-caption-title-font-style:var(--h2_typography-font-style);--awb-caption-title-size:var(--h2_typography-font-size);--awb-caption-title-transform:var(--h2_typography-text-transform);--awb-caption-title-line-height:var(--h2_typography-line-height);--awb-caption-title-letter-spacing:var(--h2_typography-letter-spacing);\"><span class=\" fusion-imageframe imageframe-none imageframe-1 hover-type-none\"><img decoding=\"async\" width=\"852\" height=\"567\" title=\"modelados\" src=\"https:\/\/arsuspaper.com\/wp-content\/uploads\/2020\/01\/modelados.jpg\" alt class=\"img-responsive wp-image-1795\" srcset=\"https:\/\/arsuspaper.com\/wp-content\/uploads\/2020\/01\/modelados-200x133.jpg 200w, https:\/\/arsuspaper.com\/wp-content\/uploads\/2020\/01\/modelados-400x266.jpg 400w, https:\/\/arsuspaper.com\/wp-content\/uploads\/2020\/01\/modelados-600x399.jpg 600w, https:\/\/arsuspaper.com\/wp-content\/uploads\/2020\/01\/modelados-800x532.jpg 800w, https:\/\/arsuspaper.com\/wp-content\/uploads\/2020\/01\/modelados.jpg 852w\" sizes=\"(max-width: 640px) 100vw, 852px\" \/><\/span><\/div><div class=\"fusion-text fusion-text-5\"><p>modelatge de l\u00b4ornament<\/p>\n<\/div><\/div><\/div><div class=\"fusion-layout-column fusion_builder_column_inner fusion-builder-nested-column-1 fusion_builder_column_inner_1_2 1_2 fusion-flex-column\" style=\"--awb-bg-size:cover;--awb-width-large:50%;--awb-margin-top-large:0px;--awb-spacing-right-large:3.84%;--awb-margin-bottom-large:20px;--awb-spacing-left-large:3.84%;--awb-width-medium:50%;--awb-spacing-right-medium:3.84%;--awb-spacing-left-medium:3.84%;--awb-width-small:100%;--awb-spacing-right-small:1.92%;--awb-spacing-left-small:1.92%;\"><div class=\"fusion-column-wrapper fusion-column-has-shadow fusion-flex-justify-content-flex-start fusion-content-layout-column\"><div class=\"fusion-image-element \" style=\"--awb-caption-title-font-family:var(--h2_typography-font-family);--awb-caption-title-font-weight:var(--h2_typography-font-weight);--awb-caption-title-font-style:var(--h2_typography-font-style);--awb-caption-title-size:var(--h2_typography-font-size);--awb-caption-title-transform:var(--h2_typography-text-transform);--awb-caption-title-line-height:var(--h2_typography-line-height);--awb-caption-title-letter-spacing:var(--h2_typography-letter-spacing);\"><span class=\" fusion-imageframe imageframe-none imageframe-2 hover-type-none\"><img decoding=\"async\" width=\"852\" height=\"567\" title=\"moldes1\" src=\"https:\/\/arsuspaper.com\/wp-content\/uploads\/2020\/01\/moldes1-2.jpg\" alt class=\"img-responsive wp-image-1796\" srcset=\"https:\/\/arsuspaper.com\/wp-content\/uploads\/2020\/01\/moldes1-2-200x133.jpg 200w, https:\/\/arsuspaper.com\/wp-content\/uploads\/2020\/01\/moldes1-2-400x266.jpg 400w, https:\/\/arsuspaper.com\/wp-content\/uploads\/2020\/01\/moldes1-2-600x399.jpg 600w, https:\/\/arsuspaper.com\/wp-content\/uploads\/2020\/01\/moldes1-2-800x532.jpg 800w, https:\/\/arsuspaper.com\/wp-content\/uploads\/2020\/01\/moldes1-2.jpg 852w\" sizes=\"(max-width: 640px) 100vw, 852px\" \/><\/span><\/div><div class=\"fusion-text fusion-text-6\"><p>motlle de silicona<\/p>\n<\/div><\/div><\/div><\/div><div class=\"fusion-text fusion-text-7\"><p>Es va construir una estructura met\u00e0l\u00b7lica per a la col\u00b7locaci\u00f3 de tots els elements que conformen el retaule: les taules, el guardapols, la forn\u00edcula, les motllures,etc.<\/p>\n<p>Les taules es van preparar amb una imprimaci\u00f3 similar a l\u2019original. Es van recrear llacunes, esquerdes, baix relleus i altres textures de l\u2019obra.<\/p>\n<\/div><\/div><\/div><div class=\"fusion-layout-column fusion_builder_column fusion-builder-column-1 fusion_builder_column_3_5 3_5 fusion-flex-column\" style=\"--awb-bg-size:cover;--awb-width-large:60%;--awb-margin-top-large:0px;--awb-spacing-right-large:3.84%;--awb-margin-bottom-large:20px;--awb-spacing-left-large:3.2%;--awb-width-medium:60%;--awb-spacing-right-medium:3.84%;--awb-spacing-left-medium:3.2%;--awb-width-small:100%;--awb-spacing-right-small:1.92%;--awb-spacing-left-small:1.92%;\"><div class=\"fusion-column-wrapper fusion-column-has-shadow fusion-flex-justify-content-flex-start fusion-content-layout-column\"><div class=\"fusion-image-element \" style=\"--awb-caption-title-font-family:var(--h2_typography-font-family);--awb-caption-title-font-weight:var(--h2_typography-font-weight);--awb-caption-title-font-style:var(--h2_typography-font-style);--awb-caption-title-size:var(--h2_typography-font-size);--awb-caption-title-transform:var(--h2_typography-text-transform);--awb-caption-title-line-height:var(--h2_typography-line-height);--awb-caption-title-letter-spacing:var(--h2_typography-letter-spacing);\"><span class=\" fusion-imageframe imageframe-none imageframe-3 hover-type-none\"><img decoding=\"async\" width=\"446\" height=\"434\" title=\"parche de color\" src=\"https:\/\/arsuspaper.com\/wp-content\/uploads\/2020\/01\/parche-de-color-1.jpg\" alt class=\"img-responsive wp-image-1807\" srcset=\"https:\/\/arsuspaper.com\/wp-content\/uploads\/2020\/01\/parche-de-color-1-200x195.jpg 200w, https:\/\/arsuspaper.com\/wp-content\/uploads\/2020\/01\/parche-de-color-1-400x389.jpg 400w, https:\/\/arsuspaper.com\/wp-content\/uploads\/2020\/01\/parche-de-color-1.jpg 446w\" sizes=\"(max-width: 640px) 100vw, 446px\" \/><\/span><\/div><div class=\"fusion-text fusion-text-8\"><p>model de carta estandaritzada amb pegats de color per la correcci\u00f3 crom\u00e0tica de la fotografia.<\/p>\n<\/div><\/div><\/div><div class=\"fusion-layout-column fusion_builder_column fusion-builder-column-2 fusion_builder_column_2_5 2_5 fusion-flex-column\" style=\"--awb-bg-size:cover;--awb-width-large:40%;--awb-margin-top-large:0px;--awb-spacing-right-large:4.8%;--awb-margin-bottom-large:20px;--awb-spacing-left-large:3.84%;--awb-width-medium:40%;--awb-spacing-right-medium:4.8%;--awb-spacing-left-medium:3.84%;--awb-width-small:100%;--awb-spacing-right-small:1.92%;--awb-spacing-left-small:1.92%;\"><div class=\"fusion-column-wrapper fusion-column-has-shadow fusion-flex-justify-content-flex-start fusion-content-layout-column\"><div class=\"fusion-image-element \" style=\"--awb-caption-title-font-family:var(--h2_typography-font-family);--awb-caption-title-font-weight:var(--h2_typography-font-weight);--awb-caption-title-font-style:var(--h2_typography-font-style);--awb-caption-title-size:var(--h2_typography-font-size);--awb-caption-title-transform:var(--h2_typography-text-transform);--awb-caption-title-line-height:var(--h2_typography-line-height);--awb-caption-title-letter-spacing:var(--h2_typography-letter-spacing);\"><span class=\" fusion-imageframe imageframe-none imageframe-4 hover-type-none\"><img decoding=\"async\" width=\"1579\" height=\"2273\" title=\"aurora\" src=\"https:\/\/arsuspaper.com\/wp-content\/uploads\/2020\/01\/aurora.jpg\" alt class=\"img-responsive wp-image-1801\" srcset=\"https:\/\/arsuspaper.com\/wp-content\/uploads\/2020\/01\/aurora-200x288.jpg 200w, https:\/\/arsuspaper.com\/wp-content\/uploads\/2020\/01\/aurora-400x576.jpg 400w, https:\/\/arsuspaper.com\/wp-content\/uploads\/2020\/01\/aurora-600x864.jpg 600w, https:\/\/arsuspaper.com\/wp-content\/uploads\/2020\/01\/aurora-800x1152.jpg 800w, https:\/\/arsuspaper.com\/wp-content\/uploads\/2020\/01\/aurora-1200x1727.jpg 1200w, https:\/\/arsuspaper.com\/wp-content\/uploads\/2020\/01\/aurora.jpg 1579w\" sizes=\"(max-width: 640px) 100vw, 1579px\" \/><\/span><\/div><div class=\"fusion-text fusion-text-9\"><p>Aurora modelant elements de la marqueteria<\/p>\n<\/div><\/div><\/div><\/div><\/div><div class=\"fusion-fullwidth fullwidth-box fusion-builder-row-2 fusion-flex-container nonhundred-percent-fullwidth non-hundred-percent-height-scrolling\" style=\"--awb-border-radius-top-left:0px;--awb-border-radius-top-right:0px;--awb-border-radius-bottom-right:0px;--awb-border-radius-bottom-left:0px;--awb-flex-wrap:wrap;\" ><div class=\"fusion-builder-row fusion-row fusion-flex-align-items-flex-start fusion-flex-content-wrap\" style=\"max-width:calc( 1000px + 0px );margin-left: calc(-0px \/ 2 );margin-right: calc(-0px \/ 2 );\"><div class=\"fusion-layout-column fusion_builder_column fusion-builder-column-3 fusion_builder_column_1_1 1_1 fusion-flex-column\" style=\"--awb-bg-size:cover;--awb-width-large:100%;--awb-margin-top-large:0px;--awb-spacing-right-large:0px;--awb-margin-bottom-large:20px;--awb-spacing-left-large:0px;--awb-width-medium:100%;--awb-spacing-right-medium:0px;--awb-spacing-left-medium:0px;--awb-width-small:100%;--awb-spacing-right-small:0px;--awb-spacing-left-small:0px;\"><div class=\"fusion-column-wrapper fusion-column-has-shadow fusion-flex-justify-content-flex-start fusion-content-layout-column\"><div class=\"fusion-text fusion-text-10\"><p>Les zones d\u2019aquest minuci\u00f3s treball reservades als daurats, es van aplicar en la transfer\u00e8ncia amb Papelgel. La t\u00e8cnica permet aplicar pintura met\u00e0l\u00b7lica en el fons de les imatges. D\u2019aquesta manera, els fons daurats queden totalment integrats en la pintura, aportant un aspecte convincent en el color, les veladures on l\u2019or respira, les zones on apareix el bol de la preparaci\u00f3, etc.<\/p>\n<p>Finalment es va protegir i matisar adequadament el conjunt del retaule<\/p>\n<\/div><\/div><\/div><\/div><\/div><\/p>\n","protected":false},"excerpt":{"rendered":"","protected":false},"author":1,"featured_media":0,"parent":0,"menu_order":0,"comment_status":"closed","ping_status":"closed","template":"","meta":{"footnotes":""},"class_list":["post-2121","page","type-page","status-publish","hentry"],"yoast_head":"<!-- This site is optimized with the Yoast SEO plugin v25.9 - https:\/\/yoast.com\/wordpress\/plugins\/seo\/ -->\n<title>-Enviny - ArsusTaller<\/title>\n<meta name=\"robots\" content=\"index, follow, max-snippet:-1, max-image-preview:large, max-video-preview:-1\" \/>\n<link rel=\"canonical\" href=\"https:\/\/arsuspaper.com\/ca\/enviny\/\" \/>\n<meta property=\"og:locale\" content=\"ca_ES\" \/>\n<meta property=\"og:type\" content=\"article\" \/>\n<meta property=\"og:title\" content=\"-Enviny - ArsusTaller\" \/>\n<meta property=\"og:url\" content=\"https:\/\/arsuspaper.com\/ca\/enviny\/\" \/>\n<meta property=\"og:site_name\" content=\"ArsusTaller\" \/>\n<meta property=\"article:modified_time\" content=\"2020-03-09T17:32:27+00:00\" \/>\n<meta property=\"og:image\" content=\"https:\/\/arsuspaper.com\/wp-content\/uploads\/2020\/01\/Retablo-de-Enviny.jpg\" \/>\n<meta name=\"twitter:card\" content=\"summary_large_image\" \/>\n<meta name=\"twitter:label1\" content=\"Temps estimat de lectura\" \/>\n\t<meta name=\"twitter:data1\" content=\"10 minuts\" \/>\n<script type=\"application\/ld+json\" class=\"yoast-schema-graph\">{\"@context\":\"https:\/\/schema.org\",\"@graph\":[{\"@type\":\"WebPage\",\"@id\":\"https:\/\/arsuspaper.com\/ca\/enviny\/\",\"url\":\"https:\/\/arsuspaper.com\/ca\/enviny\/\",\"name\":\"-Enviny - ArsusTaller\",\"isPartOf\":{\"@id\":\"https:\/\/arsuspaper.com\/ca\/#website\"},\"primaryImageOfPage\":{\"@id\":\"https:\/\/arsuspaper.com\/ca\/enviny\/#primaryimage\"},\"image\":{\"@id\":\"https:\/\/arsuspaper.com\/ca\/enviny\/#primaryimage\"},\"thumbnailUrl\":\"https:\/\/arsuspaper.com\/wp-content\/uploads\/2020\/01\/Retablo-de-Enviny.jpg\",\"datePublished\":\"2020-03-08T12:36:39+00:00\",\"dateModified\":\"2020-03-09T17:32:27+00:00\",\"breadcrumb\":{\"@id\":\"https:\/\/arsuspaper.com\/ca\/enviny\/#breadcrumb\"},\"inLanguage\":\"ca\",\"potentialAction\":[{\"@type\":\"ReadAction\",\"target\":[\"https:\/\/arsuspaper.com\/ca\/enviny\/\"]}]},{\"@type\":\"ImageObject\",\"inLanguage\":\"ca\",\"@id\":\"https:\/\/arsuspaper.com\/ca\/enviny\/#primaryimage\",\"url\":\"https:\/\/arsuspaper.com\/wp-content\/uploads\/2020\/01\/Retablo-de-Enviny.jpg\",\"contentUrl\":\"https:\/\/arsuspaper.com\/wp-content\/uploads\/2020\/01\/Retablo-de-Enviny.jpg\"},{\"@type\":\"BreadcrumbList\",\"@id\":\"https:\/\/arsuspaper.com\/ca\/enviny\/#breadcrumb\",\"itemListElement\":[{\"@type\":\"ListItem\",\"position\":1,\"name\":\"Portada\",\"item\":\"https:\/\/arsuspaper.com\/ca\/\"},{\"@type\":\"ListItem\",\"position\":2,\"name\":\"-Enviny\"}]},{\"@type\":\"WebSite\",\"@id\":\"https:\/\/arsuspaper.com\/ca\/#website\",\"url\":\"https:\/\/arsuspaper.com\/ca\/\",\"name\":\"ArsusTaller\",\"description\":\"Arsus Paper\",\"publisher\":{\"@id\":\"https:\/\/arsuspaper.com\/ca\/#organization\"},\"potentialAction\":[{\"@type\":\"SearchAction\",\"target\":{\"@type\":\"EntryPoint\",\"urlTemplate\":\"https:\/\/arsuspaper.com\/ca\/?s={search_term_string}\"},\"query-input\":{\"@type\":\"PropertyValueSpecification\",\"valueRequired\":true,\"valueName\":\"search_term_string\"}}],\"inLanguage\":\"ca\"},{\"@type\":\"Organization\",\"@id\":\"https:\/\/arsuspaper.com\/ca\/#organization\",\"name\":\"Arsus Paper\",\"url\":\"https:\/\/arsuspaper.com\/ca\/\",\"logo\":{\"@type\":\"ImageObject\",\"inLanguage\":\"ca\",\"@id\":\"https:\/\/arsuspaper.com\/ca\/#\/schema\/logo\/image\/\",\"url\":\"https:\/\/arsuspaper.com\/wp-content\/uploads\/2020\/03\/Logo-Arsus-Taller.jpg\",\"contentUrl\":\"https:\/\/arsuspaper.com\/wp-content\/uploads\/2020\/03\/Logo-Arsus-Taller.jpg\",\"width\":435,\"height\":435,\"caption\":\"Arsus Paper\"},\"image\":{\"@id\":\"https:\/\/arsuspaper.com\/ca\/#\/schema\/logo\/image\/\"}}]}<\/script>\n<!-- \/ Yoast SEO plugin. -->","yoast_head_json":{"title":"-Enviny - ArsusTaller","robots":{"index":"index","follow":"follow","max-snippet":"max-snippet:-1","max-image-preview":"max-image-preview:large","max-video-preview":"max-video-preview:-1"},"canonical":"https:\/\/arsuspaper.com\/ca\/enviny\/","og_locale":"ca_ES","og_type":"article","og_title":"-Enviny - ArsusTaller","og_url":"https:\/\/arsuspaper.com\/ca\/enviny\/","og_site_name":"ArsusTaller","article_modified_time":"2020-03-09T17:32:27+00:00","og_image":[{"url":"https:\/\/arsuspaper.com\/wp-content\/uploads\/2020\/01\/Retablo-de-Enviny.jpg","type":"","width":"","height":""}],"twitter_card":"summary_large_image","twitter_misc":{"Temps estimat de lectura":"10 minuts"},"schema":{"@context":"https:\/\/schema.org","@graph":[{"@type":"WebPage","@id":"https:\/\/arsuspaper.com\/ca\/enviny\/","url":"https:\/\/arsuspaper.com\/ca\/enviny\/","name":"-Enviny - ArsusTaller","isPartOf":{"@id":"https:\/\/arsuspaper.com\/ca\/#website"},"primaryImageOfPage":{"@id":"https:\/\/arsuspaper.com\/ca\/enviny\/#primaryimage"},"image":{"@id":"https:\/\/arsuspaper.com\/ca\/enviny\/#primaryimage"},"thumbnailUrl":"https:\/\/arsuspaper.com\/wp-content\/uploads\/2020\/01\/Retablo-de-Enviny.jpg","datePublished":"2020-03-08T12:36:39+00:00","dateModified":"2020-03-09T17:32:27+00:00","breadcrumb":{"@id":"https:\/\/arsuspaper.com\/ca\/enviny\/#breadcrumb"},"inLanguage":"ca","potentialAction":[{"@type":"ReadAction","target":["https:\/\/arsuspaper.com\/ca\/enviny\/"]}]},{"@type":"ImageObject","inLanguage":"ca","@id":"https:\/\/arsuspaper.com\/ca\/enviny\/#primaryimage","url":"https:\/\/arsuspaper.com\/wp-content\/uploads\/2020\/01\/Retablo-de-Enviny.jpg","contentUrl":"https:\/\/arsuspaper.com\/wp-content\/uploads\/2020\/01\/Retablo-de-Enviny.jpg"},{"@type":"BreadcrumbList","@id":"https:\/\/arsuspaper.com\/ca\/enviny\/#breadcrumb","itemListElement":[{"@type":"ListItem","position":1,"name":"Portada","item":"https:\/\/arsuspaper.com\/ca\/"},{"@type":"ListItem","position":2,"name":"-Enviny"}]},{"@type":"WebSite","@id":"https:\/\/arsuspaper.com\/ca\/#website","url":"https:\/\/arsuspaper.com\/ca\/","name":"ArsusTaller","description":"Arsus Paper","publisher":{"@id":"https:\/\/arsuspaper.com\/ca\/#organization"},"potentialAction":[{"@type":"SearchAction","target":{"@type":"EntryPoint","urlTemplate":"https:\/\/arsuspaper.com\/ca\/?s={search_term_string}"},"query-input":{"@type":"PropertyValueSpecification","valueRequired":true,"valueName":"search_term_string"}}],"inLanguage":"ca"},{"@type":"Organization","@id":"https:\/\/arsuspaper.com\/ca\/#organization","name":"Arsus Paper","url":"https:\/\/arsuspaper.com\/ca\/","logo":{"@type":"ImageObject","inLanguage":"ca","@id":"https:\/\/arsuspaper.com\/ca\/#\/schema\/logo\/image\/","url":"https:\/\/arsuspaper.com\/wp-content\/uploads\/2020\/03\/Logo-Arsus-Taller.jpg","contentUrl":"https:\/\/arsuspaper.com\/wp-content\/uploads\/2020\/03\/Logo-Arsus-Taller.jpg","width":435,"height":435,"caption":"Arsus Paper"},"image":{"@id":"https:\/\/arsuspaper.com\/ca\/#\/schema\/logo\/image\/"}}]}},"_links":{"self":[{"href":"https:\/\/arsuspaper.com\/ca\/wp-json\/wp\/v2\/pages\/2121","targetHints":{"allow":["GET"]}}],"collection":[{"href":"https:\/\/arsuspaper.com\/ca\/wp-json\/wp\/v2\/pages"}],"about":[{"href":"https:\/\/arsuspaper.com\/ca\/wp-json\/wp\/v2\/types\/page"}],"author":[{"embeddable":true,"href":"https:\/\/arsuspaper.com\/ca\/wp-json\/wp\/v2\/users\/1"}],"replies":[{"embeddable":true,"href":"https:\/\/arsuspaper.com\/ca\/wp-json\/wp\/v2\/comments?post=2121"}],"version-history":[{"count":2,"href":"https:\/\/arsuspaper.com\/ca\/wp-json\/wp\/v2\/pages\/2121\/revisions"}],"predecessor-version":[{"id":2219,"href":"https:\/\/arsuspaper.com\/ca\/wp-json\/wp\/v2\/pages\/2121\/revisions\/2219"}],"wp:attachment":[{"href":"https:\/\/arsuspaper.com\/ca\/wp-json\/wp\/v2\/media?parent=2121"}],"curies":[{"name":"wp","href":"https:\/\/api.w.org\/{rel}","templated":true}]}}